{"id":2372,"date":"2022-05-08T14:07:44","date_gmt":"2022-05-08T20:07:44","guid":{"rendered":"https:\/\/www.southgroupintl.com\/es\/?page_id=2372"},"modified":"2022-05-08T14:22:47","modified_gmt":"2022-05-08T20:22:47","slug":"faq","status":"publish","type":"page","link":"https:\/\/www.southgroupintl.com\/es\/faq\/","title":{"rendered":"FQA"},"content":{"rendered":"<p>[vc_row 0=\u00bb\u00bb][vc_column 0=\u00bb\u00bb][vc_column_text 0=\u00bb\u00bb]<strong>1. \u00bfQui\u00e9n es SGI?<span class=\"Apple-converted-space\">\u00a0<\/span><\/strong><\/p>\n<p>Somos un br\u00f3ker encargado de la vinculaci\u00f3n de asesores independientes con compa\u00f1\u00edas internacionales.<span class=\"Apple-converted-space\">\u00a0<\/span><\/p>\n<p><strong>2. \u00bfSGI recibe dinero de clientes o productores?<span class=\"Apple-converted-space\">\u00a0<\/span><\/strong><\/p>\n<p>SGI no tiene absolutamente ning\u00fan manejo de dinero, toda transacci\u00f3n monetaria entre el Cliente-Compa\u00f1\u00eda o Compa\u00f1\u00eda-Asesor, es totalmente independiente de SGI.<span class=\"Apple-converted-space\">\u00a0<\/span><\/p>\n<p><strong>3. \u00bfCu\u00e1les son las principales ventajas competitivas de invertir en el Internacional?<span class=\"Apple-converted-space\">\u00a0<\/span><\/strong><\/p>\n<ul>\n<li>Marco regulatorio<span class=\"Apple-converted-space\">\u00a0<\/span><\/li>\n<li>Confidencialidad<span class=\"Apple-converted-space\">\u00a0<\/span><\/li>\n<li>Estabilidad de la moneda<span class=\"Apple-converted-space\">\u00a0<\/span><\/li>\n<li>Transparencia<span class=\"Apple-converted-space\">\u00a0<\/span><\/li>\n<\/ul>\n<p><strong>4. \u00bfCu\u00e1les son las ventajas de tener un asesor c\u00f3mo mediador?<span class=\"Apple-converted-space\">\u00a0<\/span><\/strong><\/p>\n<ul>\n<li>Asesoramiento personalizado<span class=\"Apple-converted-space\">\u00a0<\/span><\/li>\n<li>Desarrollo de proyectos integrales<span class=\"Apple-converted-space\">\u00a0<\/span><\/li>\n<li>Gesti\u00f3n y servicio postventa r\u00e1pido y eficaz<span class=\"Apple-converted-space\">\u00a0<\/span><\/li>\n<\/ul>\n<p><strong>5. \u00bfC\u00f3mo puedo conseguir soporte o seguimiento?<span class=\"Apple-converted-space\">\u00a0<\/span><\/strong><\/p>\n<ul>\n<li>A trav\u00e9s de tu asesor<span class=\"Apple-converted-space\">\u00a0<\/span><\/li>\n<li>A trav\u00e9s de las oficinas operativas de SGI en M\u00e9xico y Ecuador<span class=\"Apple-converted-space\">\u00a0<\/span><\/li>\n<li>Directamente en tu portal de la compa\u00f1\u00eda contratada<span class=\"Apple-converted-space\">\u00a0<\/span><\/li>\n<li>Contacto directo a trav\u00e9s del \u00e1rea de servicio de la compa\u00f1\u00eda con la cual se adquiri\u00f3 el producto de inversi\u00f3n o seguro.<span class=\"Apple-converted-space\">\u00a0<\/span><\/li>\n<\/ul>\n<p><strong>6. \u00bfC\u00f3mo puedo comercializar productos en el internacional?<span class=\"Apple-converted-space\">\u00a0<\/span><\/strong><\/p>\n<p>Dir\u00edgete a la pesta\u00f1a de contacto, haz click, proporciona tu informaci\u00f3n y uno de nuestras oficinas operativas se pondr\u00e1 en contacto contigo.<span class=\"Apple-converted-space\">\u00a0<\/span><\/p>\n<p><strong>7. \u00bfD\u00f3nde puedo encontrar un asesor de SGI?<span class=\"Apple-converted-space\">\u00a0<\/span><\/strong><\/p>\n<p>Dir\u00edgete a la pesta\u00f1a de contacto, haz click, env\u00eda tu informaci\u00f3n y nuestras oficinas operativas se pondr\u00e1n en contacto con un asesor en tu regi\u00f3n para que este te contacte.<span class=\"Apple-converted-space\">\u00a0<\/span><\/p>\n<p><strong>8. \u00bfSGI maneja fondos o estrategias de inversi\u00f3n propias para ahorradores o inversionistas?<span class=\"Apple-converted-space\">\u00a0<\/span><\/strong><\/p>\n<p>SGI no es un asesor financiero, no maneja ning\u00fan tipo de fondos ni estrategias, y en ning\u00fan caso maneja dinero, dichas acciones quedan exclusivamente a cargo de las compa\u00f1\u00edas, ya sea en relaci\u00f3n Cliente-Compa\u00f1\u00eda o Compa\u00f1\u00eda-Asesor.<span class=\"Apple-converted-space\">\u00a0<\/span><\/p>\n<p>El manejo de las inversiones, fondos, estrategias y dinero recae directamente en el cliente y las compa\u00f1\u00edas, quienes manejan estrategias sugestivas de inversi\u00f3n que pueden ser replicadas por clientes, as\u00ed como aceptar sugerencias de su asesor, dichas decisiones son ajenas a SGI quien no tiene inherencia ni responsabilidad sobre la elecci\u00f3n de inversi\u00f3n o fondo del cliente.<span class=\"Apple-converted-space\">\u00a0<\/span><\/p>\n<p>SGI tiene \u00fanica funci\u00f3n de vincular al asesor independiente con las compa\u00f1\u00edas internacionales, brind\u00e1ndole la informaci\u00f3n y capacitaci\u00f3n suficiente para la comercializaci\u00f3n de los productos y servicios en el internacional que \u00e9l haya elegido distribuir.<span class=\"Apple-converted-space\">\u00a0<\/span><\/p>\n<p><strong>9. \u00bfCu\u00e1nto gana un asesor independiente en el internacional?<span class=\"Apple-converted-space\">\u00a0<\/span><\/strong><\/p>\n<p>Est\u00e1 comprobado la excelente fuente de ingresos que genera esta actividad, sin embargo, los ingresos var\u00edan seg\u00fan el compromiso y objetivo de cada asesor.<span class=\"Apple-converted-space\">\u00a0<\/span><\/p>\n<p><strong>10. \u00bfQu\u00e9 se requiere para ser un asesor en el Internacional?<span class=\"Apple-converted-space\">\u00a0<\/span><\/strong><\/p>\n<ul>\n<li>Ser sensible a la hora de dar consejos<span class=\"Apple-converted-space\">\u00a0<\/span><\/li>\n<li>Ser met\u00f3dico y completo al momento de hacer la detecci\u00f3n de necesidades<span class=\"Apple-converted-space\">\u00a0<\/span><\/li>\n<li>Ser capaz de analizar y presentar informaci\u00f3n<span class=\"Apple-converted-space\">\u00a0<\/span><\/li>\n<li>Experiencia y habilidad en ventas<span class=\"Apple-converted-space\">\u00a0<\/span><\/li>\n<li>Excelentes habilidades de comunicaci\u00f3n<span class=\"Apple-converted-space\">\u00a0<\/span><\/li>\n<li>Capacidad de tomar decisiones estrat\u00e9gicas<span class=\"Apple-converted-space\">\u00a0<\/span><\/li>\n<li>Habilidades en tecnolog\u00edas de la informaci\u00f3n<span class=\"Apple-converted-space\">\u00a0<\/span><\/li>\n<\/ul>\n<p>[\/vc_column_text][\/vc_column][\/vc_row]<\/p>\n","protected":false},"excerpt":{"rendered":"[vc_row 0=\u00bb\u00bb][vc_column 0=\u00bb\u00bb][vc_column_text 0=\u00bb\u00bb]1. \u00bfQui\u00e9n es SGI?\u00a0 Somos un br\u00f3ker encargado de la vinculaci\u00f3n de asesores independientes con compa\u00f1\u00edas internacionales.\u00a0 2. \u00bfSGI recibe dinero de clientes o productores?\u00a0 SGI no tiene absolutamente ning\u00fan manejo de dinero, toda transacci\u00f3n monetaria entre el Cliente-Compa\u00f1\u00eda o Compa\u00f1\u00eda-Asesor, es totalmente independiente de SGI.\u00a0 3. \u00bfCu\u00e1les son las principales ventajas[&#8230;]","protected":false},"author":1,"featured_media":0,"parent":0,"menu_order":0,"comment_status":"closed","ping_status":"closed","template":"","meta":[],"_links":{"self":[{"href":"https:\/\/www.southgroupintl.com\/es\/wp-json\/wp\/v2\/pages\/2372"}],"collection":[{"href":"https:\/\/www.southgroupintl.com\/es\/wp-json\/wp\/v2\/pages"}],"about":[{"href":"https:\/\/www.southgroupintl.com\/es\/wp-json\/wp\/v2\/types\/page"}],"author":[{"embeddable":true,"href":"https:\/\/www.southgroupintl.com\/es\/wp-json\/wp\/v2\/users\/1"}],"replies":[{"embeddable":true,"href":"https:\/\/www.southgroupintl.com\/es\/wp-json\/wp\/v2\/comments?post=2372"}],"version-history":[{"count":4,"href":"https:\/\/www.southgroupintl.com\/es\/wp-json\/wp\/v2\/pages\/2372\/revisions"}],"predecessor-version":[{"id":2377,"href":"https:\/\/www.southgroupintl.com\/es\/wp-json\/wp\/v2\/pages\/2372\/revisions\/2377"}],"wp:attachment":[{"href":"https:\/\/www.southgroupintl.com\/es\/wp-json\/wp\/v2\/media?parent=2372"}],"curies":[{"name":"wp","href":"https:\/\/api.w.org\/{rel}","templated":true}]}}