{"id":327,"date":"2016-08-15T09:04:20","date_gmt":"2016-08-15T15:04:20","guid":{"rendered":"http:\/\/kroth:8888\/?page_id=327"},"modified":"2021-12-30T12:03:41","modified_gmt":"2021-12-30T18:03:41","slug":"inicio","status":"publish","type":"page","link":"https:\/\/www.southgroupintl.com\/es\/","title":{"rendered":"Inicio"},"content":{"rendered":"<p>[vc_row full_width=\u00bbstretch_row\u00bb overlay_dotted=\u00bb\u00bb css=\u00bb.vc_custom_1481542359952{margin-top: 0px !important;margin-bottom: 0px !important;padding-top: 0px !important;padding-bottom: 0px !important;}\u00bb][vc_column]<div class=\"krth-cta krth-cta-one cta-cnt-left \"><div class=\"krth-cta-cnt \" ><p>Desarrollamos y ejecutamos estrategias para que alcances tus objetivos financieros<\/p>\n<\/div><a class=\"krth-btn btn-secondary  vc_custom_1496599810438 btn-medium krth-btn-69ec5720efaf3 btn-icon-left rounded-three \" href=\"contacto\"><span class=\"btn-text\">Cont\u00e1ctanos<\/span><\/a><\/div>[\/vc_column][\/vc_row][vc_row full_width=\u00bbstretch_row\u00bb overlay_dotted=\u00bb\u00bb css=\u00bb.vc_custom_1471279507899{margin-top: 0px !important;margin-bottom: 0px !important;padding-top: 0px !important;padding-bottom: 30px !important;}\u00bb][vc_column width=\u00bb2\/3&#8243;][vc_empty_space height=\u00bb16px\u00bb][vc_column_text]<\/p>\n<h2><strong>Consultor\u00eda Financiera Integral<\/strong><\/h2>\n<h5 style=\"font-size: 17px;\">Mas de veinticinco a\u00f1os nos respaldan como una de las mejores consultoras en el mercado internacional.<\/h5>\n<p>[\/vc_column_text][vc_separator color=\u00bbcustom\u00bb accent_color=\u00bb#eeeeee\u00bb css=\u00bb.vc_custom_1471757413178{margin-bottom: 22px !important;}\u00bb][vc_row_inner][vc_column_inner width=\u00bb1\/2&#8243;]\n      <div class=\"krth-service-three\"><div class=\"service-icon\"><i class=\"fa fa-globe\"><\/i><\/div><div class=\"services-content\"><a href=\"#0\" class=\"service-heading\" target=\"_self\" style=\"\">Presencia Internacional<\/a><p>Nuestra oficina central se encuentra en Miami y contamos con una red de representantes locales en diversos pa\u00edses.<\/p>\n<\/div><\/div>\n      <div class=\"krth-service-three\"><div class=\"service-icon\"><i class=\"fa fa-line-chart\"><\/i><\/div><div class=\"services-content\"><a href=\"#0\" class=\"service-heading\" target=\"_self\" style=\"\">Consultor\u00eda Financiera<\/a><p>Personalizamos estrategias &nbsp;para crear tu patrimonio, y si es que ya lo tienes, te ayudamos a optimizarlo y expandirlo al mercado global.<\/p>\n<\/div><\/div>[\/vc_column_inner][vc_column_inner width=\u00bb1\/2&#8243;]\n      <div class=\"krth-service-three\"><div class=\"service-icon\"><i class=\"icon-user-following\"><\/i><\/div><div class=\"services-content\"><a href=\"#0\" class=\"service-heading\" target=\"_self\" style=\"\">Productores Financieros<\/a><p>Trabajaremos junto a ti en todo momento, estamos comprometidos totalmente con cumplir y sobrepasar tus expectativas.<\/p>\n<\/div><\/div>\n      <div class=\"krth-service-three\"><div class=\"service-icon\"><i class=\"icon-compass\"><\/i><\/div><div class=\"services-content\"><a href=\"#0\" class=\"service-heading\" target=\"_self\" style=\"\">Inversiones con Rumbo<\/a><p>Tus inversiones se convertir\u00e1n en un sin\u00f3nimo de tranquilidad y prosperidad para ti y los que m\u00e1s te importan.<\/p>\n<\/div><\/div>[\/vc_column_inner][\/vc_row_inner][\/vc_column][vc_column width=\u00bb1\/3&#8243; css=\u00bb.vc_custom_1471757254483{padding-top: 25px !important;}\u00bb]<div class=\"krth-contact-form krth-contact-69ec5720efe2a contact-box-two\"><h3 class=\"form-title\">Cont\u00e1ctanos <\/h3><div role=\"form\" class=\"wpcf7\" id=\"wpcf7-f4-o1\" lang=\"en-US\" dir=\"ltr\">\n<div class=\"screen-reader-response\"><p role=\"status\" aria-live=\"polite\" aria-atomic=\"true\"><\/p> <ul><\/ul><\/div>\n<form action=\"\/es\/wp-json\/wp\/v2\/pages\/327#wpcf7-f4-o1\" method=\"post\" class=\"wpcf7-form init\" novalidate=\"novalidate\" data-status=\"init\">\n<div style=\"display: none;\">\n<input type=\"hidden\" name=\"_wpcf7\" value=\"4\" \/>\n<input type=\"hidden\" name=\"_wpcf7_version\" value=\"5.5.3\" \/>\n<input type=\"hidden\" name=\"_wpcf7_locale\" value=\"en_US\" \/>\n<input type=\"hidden\" name=\"_wpcf7_unit_tag\" value=\"wpcf7-f4-o1\" \/>\n<input type=\"hidden\" name=\"_wpcf7_container_post\" value=\"0\" \/>\n<input type=\"hidden\" name=\"_wpcf7_posted_data_hash\" value=\"\" \/>\n<\/div>\n<p>Env\u00edanos tu duda:<br \/>\n<span class=\"wpcf7-form-control-wrap Menu-dudas\"><select name=\"Menu-dudas\" class=\"wpcf7-form-control wpcf7-select\" aria-invalid=\"false\"><option value=\"Inversi\u00f3n\">Inversi\u00f3n<\/option><option value=\"Seguro de Vida\">Seguro de Vida<\/option><option value=\"Salud Internacional\">Salud Internacional<\/option><option value=\"\u00danete al equipo\">\u00danete al equipo<\/option><option value=\"Otros\">Otros<\/option><\/select><\/span><\/p>\n<p>Nombre<br \/>\n<span class=\"wpcf7-form-control-wrap Nombre\"><input type=\"text\" name=\"Nombre\" value=\"\" size=\"40\" class=\"wpcf7-form-control wpcf7-text\" aria-invalid=\"false\" \/><\/span><\/p>\n<p>Correo electr\u00f3nico<br \/>\n<span class=\"wpcf7-form-control-wrap email\"><input type=\"email\" name=\"email\" value=\"\" size=\"40\" class=\"wpcf7-form-control wpcf7-text wpcf7-email wpcf7-validates-as-email\" aria-invalid=\"false\" \/><\/span><\/p>\n<p><input type=\"submit\" value=\"Enviar\" class=\"wpcf7-form-control has-spinner wpcf7-submit text-white\" \/><\/p>\n<div class=\"wpcf7-response-output\" aria-hidden=\"true\"><\/div><\/form><\/div><\/div>[\/vc_column][\/vc_row][vc_row full_width=\u00bbstretch_row\u00bb parallax=\u00bbcontent-moving\u00bb parallax_speed_bg=\u00bb2&#8243; overlay_dotted=\u00bbtrue\u00bb css=\u00bb.vc_custom_1481542371141{margin-top: 0px !important;margin-bottom: 0px !important;padding-top: 55px !important;padding-bottom: 100px !important;}\u00bb overlay_color=\u00bbrgba(19,29,51,0.81)\u00bb][vc_column text_alignment=\u00bbtext-center\u00bb][vc_column_text]<\/p>\n<h2 style=\"color: white; font-size: 38px; margin-bottom: 2px;\"><span style=\"color: white;\">Elige un\u00a0<\/span><span style=\"color: #fa9928;\">planificador<\/span><span style=\"color: #ffffff;\">\u00a0 financiero que tenga en<br \/>\n<\/span><span style=\"color: #ffffff;\">cuenta tus mejores intereses\u00a0<\/span><\/h2>\n<p style=\"font-size: 17px; color: #ccc;\"><span style=\"font-size: 18px;\">South Group International eval\u00faa todos los riesgos y soluciona cualquiera de tus preocupaciones financieras.<\/span><\/p>\n<p>[\/vc_column_text][\/vc_column][\/vc_row][vc_row full_width=\u00bbstretch_row\u00bb overlay_dotted=\u00bb\u00bb css=\u00bb.vc_custom_1475732428978{margin-top: 0px !important;padding-top: 20px !important;padding-bottom: 40px !important;background-color: #f7f8f9 !important;}\u00bb][vc_column][vc_column_text css=\u00bb.vc_custom_1496360798634{margin-bottom: 10px !important;}\u00bb]<\/p>\n<h2 style=\"text-align: center;\">\u00bfPor qu\u00e9 elegirnos?<\/h2>\n<p>[\/vc_column_text][vc_row_inner][vc_column_inner width=\u00bb1\/3&#8243;]\n      <div class=\"krth-service-four text-center\"><div class=\"service-icon\"><i class=\"icon-trophy\"><\/i><\/div><div class=\"services-content\"><h3 class=\"service-heading\" style=\"\">\u00c9xito Garantizado<\/h3><p>Clientes satisfechos a nivel mundial.<\/p>\n<\/div><\/div>[\/vc_column_inner][vc_column_inner width=\u00bb1\/3&#8243;]\n      <div class=\"krth-service-four text-center\"><div class=\"service-icon\"><i class=\"icon-user-following\"><\/i><\/div><div class=\"services-content\"><h3 class=\"service-heading\" style=\"\">Asesores 100% Calificados<\/h3><p>Nuestra empresa est\u00e1 conformada por especialistas en diferentes rubros financieros.<\/p>\n<\/div><\/div>[\/vc_column_inner][vc_column_inner width=\u00bb1\/3&#8243;]\n      <div class=\"krth-service-four text-center\"><div class=\"service-icon\"><i class=\"icon-people\"><\/i><\/div><div class=\"services-content\"><h3 class=\"service-heading\" style=\"\">Atenci\u00f3n Personalizada<\/h3><p>Como futuro cliente o miembro del equipo, estar\u00e1s respaldado con herramientas tecnol\u00f3gicas de vanguardia y tendr\u00e1s en todo momento, a tu disposici\u00f3n, el asesoramiento requerido.<\/p>\n<\/div><\/div>[\/vc_column_inner][\/vc_row_inner][\/vc_column][\/vc_row]<\/p>\n","protected":false},"excerpt":{"rendered":"[vc_row full_width=\u00bbstretch_row\u00bb overlay_dotted=\u00bb\u00bb css=\u00bb.vc_custom_1481542359952{margin-top: 0px !important;margin-bottom: 0px !important;padding-top: 0px !important;padding-bottom: 0px !important;}\u00bb][vc_column][\/vc_column][\/vc_row][vc_row full_width=\u00bbstretch_row\u00bb overlay_dotted=\u00bb\u00bb css=\u00bb.vc_custom_1471279507899{margin-top: 0px !important;margin-bottom: 0px !important;padding-top: 0px !important;padding-bottom: 30px !important;}\u00bb][vc_column width=\u00bb2\/3&#8243;][vc_empty_space height=\u00bb16px\u00bb][vc_column_text] Consultor\u00eda Financiera Integral Mas de veinticinco a\u00f1os nos respaldan como una de las mejores consultoras en el mercado internacional. [\/vc_column_text][vc_separator color=\u00bbcustom\u00bb accent_color=\u00bb#eeeeee\u00bb css=\u00bb.vc_custom_1471757413178{margin-bottom: 22px !important;}\u00bb][vc_row_inner][vc_column_inner width=\u00bb1\/2&#8243;][\/vc_column_inner][vc_column_inner width=\u00bb1\/2&#8243;][\/vc_column_inner][\/vc_row_inner][\/vc_column][vc_column width=\u00bb1\/3&#8243; css=\u00bb.vc_custom_1471757254483{padding-top: 25px[&#8230;]","protected":false},"author":1,"featured_media":0,"parent":0,"menu_order":0,"comment_status":"closed","ping_status":"closed","template":"","meta":[],"_links":{"self":[{"href":"https:\/\/www.southgroupintl.com\/es\/wp-json\/wp\/v2\/pages\/327"}],"collection":[{"href":"https:\/\/www.southgroupintl.com\/es\/wp-json\/wp\/v2\/pages"}],"about":[{"href":"https:\/\/www.southgroupintl.com\/es\/wp-json\/wp\/v2\/types\/page"}],"author":[{"embeddable":true,"href":"https:\/\/www.southgroupintl.com\/es\/wp-json\/wp\/v2\/users\/1"}],"replies":[{"embeddable":true,"href":"https:\/\/www.southgroupintl.com\/es\/wp-json\/wp\/v2\/comments?post=327"}],"version-history":[{"count":23,"href":"https:\/\/www.southgroupintl.com\/es\/wp-json\/wp\/v2\/pages\/327\/revisions"}],"predecessor-version":[{"id":2354,"href":"https:\/\/www.southgroupintl.com\/es\/wp-json\/wp\/v2\/pages\/327\/revisions\/2354"}],"wp:attachment":[{"href":"https:\/\/www.southgroupintl.com\/es\/wp-json\/wp\/v2\/media?parent=327"}],"curies":[{"name":"wp","href":"https:\/\/api.w.org\/{rel}","templated":true}]}}