{"id":486,"date":"2016-08-16T06:52:01","date_gmt":"2016-08-16T06:52:01","guid":{"rendered":"http:\/\/kroth:8888\/?page_id=486"},"modified":"2021-10-28T12:26:04","modified_gmt":"2021-10-28T18:26:04","slug":"quienessomos","status":"publish","type":"page","link":"https:\/\/www.southgroupintl.com\/es\/quienessomos\/","title":{"rendered":"Qui\u00e9nes Somos"},"content":{"rendered":"<p>[vc_row][vc_column][vc_row_inner][vc_column_inner width=\u00bb1\/3&#8243;][vc_empty_space][vc_column_text css=\u00bb.vc_custom_1635445469532{margin-bottom: 0px !important;}\u00bb]<\/p>\n<p style=\"font-size: 25px; letter-spacing: 0.3px; line-height: 1.7;\"><strong>South Group International<\/strong><\/p>\n<p style=\"font-size: 15px; letter-spacing: 0.3px; line-height: 1.7;\">Somos un equipo de profesionales en el \u00e1rea patrimonial brind\u00e1ndote los mejores productos calificados y de vanguardia a nivel internacional para diversificaci\u00f3n y protecci\u00f3n de tu patrimonio.<\/p>\n<p style=\"font-size: 15px; letter-spacing: 0.3px; line-height: 1.7;\">Con m\u00e1s de 25 a\u00f1os de trayectoria en el mercado de seguros de vida, salud e inversiones, representamos a las mejores compa\u00f1\u00edas a nivel mundial, con las m\u00e1s altas calificaciones.<\/p>\n<p>Desde nuestras oficinas operativas en M\u00e9xico y Ecuador, as\u00ed como la administrativa\u00a0en Miami, expandimos nuestras operaciones a nivel mundial; A trav\u00e9s de nuestras oficinas de representaci\u00f3n buscamos brindarte los mejores servicios financieros.<\/p>\n<p style=\"font-size: 15px; letter-spacing: 0.3px; line-height: 1.7;\">Estamos fuertemente comprometidos con el cuidado de tu patrimonio, somos tu opci\u00f3n global.<\/p>\n<p>[\/vc_column_text][vc_empty_space height=\u00bb15px\u00bb][\/vc_column_inner][vc_column_inner width=\u00bb1\/3&#8243;][vc_empty_space][vc_column_text]<\/p>\n<p style=\"font-size: 25px; letter-spacing: 0.3px; line-height: 1.7; text-align: right;\"><strong>Zonas de Distribuci\u00f3n<\/strong><\/p>\n<p>[\/vc_column_text]<ul class=\"krth-list-icon  krth-list-69ec6f1e95b29\"><li><i class=\"\"><\/i><h5>M\u00e9xico<\/h5><\/li><li><i class=\"\"><\/i><h5>Rep\u00fablica Dominicana<\/h5><\/li><li><i class=\"\"><\/i><h5>Costa Rica<\/h5><\/li><li><i class=\"\"><\/i><h5>Panam\u00e1<\/h5><\/li><li><i class=\"\"><\/i><h5>Colombia<\/h5><\/li><li><i class=\"\"><\/i><h5>Venezuela<\/h5><\/li><li><i class=\"\"><\/i><h5>Honduras<\/h5><\/li><\/ul>[\/vc_column_inner][vc_column_inner width=\u00bb1\/3&#8243;][vc_empty_space height=\u00bb108px\u00bb]<ul class=\"krth-list-icon  krth-list-69ec6f1e95d0a\"><li><i class=\"\"><\/i><h5>Ecuador<\/h5><\/li><li><i class=\"\"><\/i><h5>Per\u00fa<\/h5><\/li><li><i class=\"\"><\/i><h5>Paraguay<\/h5><\/li><li><i class=\"\"><\/i><h5>Chile<\/h5><\/li><li><i class=\"\"><\/i><h5>Argentina<\/h5><\/li><li><i class=\"\"><\/i><h5>Brasil<\/h5><\/li><li><i class=\"\"><\/i><h5>Asia<\/h5><\/li><\/ul>[\/vc_column_inner][\/vc_row_inner][vc_separator color=\u00bbcustom\u00bb accent_color=\u00bb#e8e8e8&#8243; css=\u00bb.vc_custom_1471330308205{margin-top: 20px !important;margin-bottom: 30px !important;}\u00bb][vc_row_inner][vc_column_inner width=\u00bb1\/2&#8243;][vc_empty_space height=\u00bb10px\u00bb][vc_column_text]<blockquote class=\"blockquote-two  krth-blockquote-69ec6f1e95fad\">\u201c<em>La verdadera riqueza es aquella que est\u00e1 pensada para prevenir futuros imprevistos. Para llegar a ella hay que invertir en la misma; la riqueza como los arboles necesitan ser atendidos y protegidos. Cuanto antes comiences, m\u00e1s r\u00e1pido afianzar\u00e1s los beneficios de la misma.<\/em>\u201d<\/blockquote>[\/vc_column_text][\/vc_column_inner][vc_column_inner width=\u00bb1\/2&#8243;][vc_empty_space height=\u00bb50px\u00bb]<div class=\"krth-counter-two \"><div class=\"counter-values\"><div class=\"cvalues\" style=\"\">25<\/div><div class=\"cvalue-in\" style=\"\">a\u00f1os<\/div><\/div><div class=\"counter-label\" style=\"\">En experiencia financiera.<\/div><\/div><div class=\"krth-counter-two \"><div class=\"counter-values\"><div class=\"cvalues\" style=\"\">14<\/div><div class=\"cvalue-in\" style=\"\">Pa\u00edses<\/div><\/div><div class=\"counter-label\" style=\"\">Zonas de Distribuci\u00f3n<\/div><\/div>[\/vc_column_inner][\/vc_row_inner][vc_row_inner][vc_column_inner][vc_separator color=\u00bbcustom\u00bb accent_color=\u00bb#e8e8e8&#8243; css=\u00bb.vc_custom_1471331569106{margin-top: 20px !important;margin-bottom: 20px !important;}\u00bb][vc_column_text]<\/p>\n<h2 style=\"text-align: center;\">\u00bfPor qu\u00e9 elegirnos?<\/h2>\n<p>[\/vc_column_text][\/vc_column_inner][\/vc_row_inner][vc_row_inner][vc_column_inner width=\u00bb1\/3&#8243;]\n      <div class=\"krth-service-three\"><div class=\"service-icon\"><i class=\"icon-trophy\"><\/i><\/div><div class=\"services-content\"><h3 class=\"service-heading\" style=\"\">\u00c9xito Garantizado<\/h3><p>Clientes satisfechos a nivel mundial.<\/p>\n<\/div><\/div>[\/vc_column_inner][vc_column_inner width=\u00bb1\/3&#8243;]\n      <div class=\"krth-service-three\"><div class=\"service-icon\"><i class=\"icon-user-following\"><\/i><\/div><div class=\"services-content\"><h3 class=\"service-heading\" style=\"\">Asesores 100% Calificados<\/h3><p>Nuestra empresa est\u00e1 conformada por especialistas en diferentes rubros financieros.<\/p>\n<\/div><\/div>[\/vc_column_inner][vc_column_inner width=\u00bb1\/3&#8243;]\n      <div class=\"krth-service-three\"><div class=\"service-icon\"><i class=\"icon-people\"><\/i><\/div><div class=\"services-content\"><h3 class=\"service-heading\" style=\"\">Atenci\u00f3n Personalizada<\/h3><p>Como futuro cliente o miembro del equipo, estar\u00e1s respaldado con herramientas tecnol\u00f3gicas de vanguardia y tendr\u00e1s en todo momento, a tu disposici\u00f3n, el asesoramiento requerido.<\/p>\n<\/div><\/div>[\/vc_column_inner][\/vc_row_inner][\/vc_column][\/vc_row][vc_row full_width=\u00bbstretch_row\u00bb overlay_dotted=\u00bb\u00bb css=\u00bb.vc_custom_1481544796016{margin-top: 65px !important;}\u00bb][vc_column]<div class=\"krth-cta krth-cta-one cta-cnt-left \"><div class=\"krth-cta-cnt \" ><p><span style=\"padding-left: 15px;\">Desarrollamos y ejecutamos estrategias para que alcances tus objetivos financieros<\/span><\/p>\n<\/div><a class=\"krth-btn btn-secondary  vc_custom_1496596407448 btn-medium krth-btn-69ec6f1e965fd btn-hover-one btn-icon-left rounded-three \" href=\"contacto\"><span class=\"btn-text\">Cont\u00e1ctanos<\/span><\/a><\/div>[\/vc_column][\/vc_row]<\/p>\n","protected":false},"excerpt":{"rendered":"[vc_row][vc_column][vc_row_inner][vc_column_inner width=\u00bb1\/3&#8243;][vc_empty_space][vc_column_text css=\u00bb.vc_custom_1635445469532{margin-bottom: 0px !important;}\u00bb] South Group International Somos un equipo de profesionales en el \u00e1rea patrimonial brind\u00e1ndote los mejores productos calificados y de vanguardia a nivel internacional para diversificaci\u00f3n y protecci\u00f3n de tu patrimonio. Con m\u00e1s de 25 a\u00f1os de trayectoria en el mercado de seguros de vida, salud e inversiones, representamos a las[&#8230;]","protected":false},"author":1,"featured_media":0,"parent":0,"menu_order":5,"comment_status":"closed","ping_status":"closed","template":"","meta":[],"_links":{"self":[{"href":"https:\/\/www.southgroupintl.com\/es\/wp-json\/wp\/v2\/pages\/486"}],"collection":[{"href":"https:\/\/www.southgroupintl.com\/es\/wp-json\/wp\/v2\/pages"}],"about":[{"href":"https:\/\/www.southgroupintl.com\/es\/wp-json\/wp\/v2\/types\/page"}],"author":[{"embeddable":true,"href":"https:\/\/www.southgroupintl.com\/es\/wp-json\/wp\/v2\/users\/1"}],"replies":[{"embeddable":true,"href":"https:\/\/www.southgroupintl.com\/es\/wp-json\/wp\/v2\/comments?post=486"}],"version-history":[{"count":47,"href":"https:\/\/www.southgroupintl.com\/es\/wp-json\/wp\/v2\/pages\/486\/revisions"}],"predecessor-version":[{"id":1671,"href":"https:\/\/www.southgroupintl.com\/es\/wp-json\/wp\/v2\/pages\/486\/revisions\/1671"}],"wp:attachment":[{"href":"https:\/\/www.southgroupintl.com\/es\/wp-json\/wp\/v2\/media?parent=486"}],"curies":[{"name":"wp","href":"https:\/\/api.w.org\/{rel}","templated":true}]}}